{"id":428,"date":"2025-06-05T16:12:33","date_gmt":"2025-06-05T16:12:33","guid":{"rendered":"http:\/\/rhtacademy.com.br\/?page_id=428"},"modified":"2025-07-22T19:33:17","modified_gmt":"2025-07-22T19:33:17","slug":"rht-company","status":"publish","type":"page","link":"https:\/\/rhtacademy.com.br\/?page_id=428","title":{"rendered":"RHT Company"},"content":{"rendered":"\t\t<div data-elementor-type=\"wp-page\" data-elementor-id=\"428\" class=\"elementor elementor-428\" data-elementor-settings=\"{&quot;ha_cmc_init_switcher&quot;:&quot;no&quot;}\" data-elementor-post-type=\"page\">\n\t\t\t\t<div class=\"elementor-element elementor-element-e079967 e-flex e-con-boxed e-con e-parent\" data-id=\"e079967\" data-element_type=\"container\" data-settings=\"{&quot;background_background&quot;:&quot;classic&quot;,&quot;_ha_eqh_enable&quot;:false}\">\n\t\t\t\t\t<div class=\"e-con-inner\">\n\t\t<div class=\"elementor-element elementor-element-100b4d3 e-con-full e-flex e-con e-child\" data-id=\"100b4d3\" data-element_type=\"container\" data-settings=\"{&quot;_ha_eqh_enable&quot;:false}\">\n\t\t\t\t<div class=\"elementor-element elementor-element-96dc8ec elementor-invisible elementor-widget elementor-widget-heading\" data-id=\"96dc8ec\" data-element_type=\"widget\" data-settings=\"{&quot;_animation&quot;:&quot;fadeInLeft&quot;}\" data-widget_type=\"heading.default\">\n\t\t\t\t<div class=\"elementor-widget-container\">\n\t\t\t\t\t<h2 class=\"elementor-heading-title elementor-size-default\">RHT Company<\/h2>\t\t\t\t<\/div>\n\t\t\t\t<\/div>\n\t\t\t\t<div class=\"elementor-element elementor-element-ae25b05 elementor-invisible elementor-widget elementor-widget-heading\" data-id=\"ae25b05\" data-element_type=\"widget\" data-settings=\"{&quot;_animation&quot;:&quot;fadeInUp&quot;}\" data-widget_type=\"heading.default\">\n\t\t\t\t<div class=\"elementor-widget-container\">\n\t\t\t\t\t<h2 class=\"elementor-heading-title elementor-size-default\">Para empresas e ind\u00fastrias que desejam internalizar os treinamentos  normativos<\/h2>\t\t\t\t<\/div>\n\t\t\t\t<\/div>\n\t\t\t\t<div class=\"elementor-element elementor-element-86257b7 elementor-invisible elementor-widget elementor-widget-text-editor\" data-id=\"86257b7\" data-element_type=\"widget\" data-settings=\"{&quot;_animation&quot;:&quot;fadeInUp&quot;}\" data-widget_type=\"text-editor.default\">\n\t\t\t\t<div class=\"elementor-widget-container\">\n\t\t\t\t\t\t\t\t\t<p>A RHT Company \u00e9 a solu\u00e7\u00e3o da RHTREINARE para empresas que desejam executar internamente seus treinamentos obrigat\u00f3rios com suporte t\u00e9cnico e metodol\u00f3gico completo.<\/p>\t\t\t\t\t\t\t\t<\/div>\n\t\t\t\t<\/div>\n\t\t<div class=\"elementor-element elementor-element-0660da5 e-con-full e-flex elementor-invisible e-con e-child\" data-id=\"0660da5\" data-element_type=\"container\" data-settings=\"{&quot;animation&quot;:&quot;fadeInUp&quot;,&quot;_ha_eqh_enable&quot;:false}\">\n\t\t\t\t<div class=\"elementor-element elementor-element-9531662 elementor-widget-mobile__width-initial elementor-widget elementor-widget-button\" data-id=\"9531662\" data-element_type=\"widget\" data-widget_type=\"button.default\">\n\t\t\t\t<div class=\"elementor-widget-container\">\n\t\t\t\t\t\t\t\t\t<div class=\"elementor-button-wrapper\">\n\t\t\t\t\t<a class=\"elementor-button elementor-button-link elementor-size-sm\" href=\"https:\/\/wa.me\/5515988298165?text=Ol%C3%A1%2C%20vim%20pelo%20site%20e%20gostaria%20de%20mais%20informa%C3%A7%C3%B5es\" target=\"_blank\">\n\t\t\t\t\t\t<span class=\"elementor-button-content-wrapper\">\n\t\t\t\t\t\t<span class=\"elementor-button-icon\">\n\t\t\t\t<svg xmlns=\"http:\/\/www.w3.org\/2000\/svg\" width=\"36\" height=\"36\" viewBox=\"0 0 36 36\" fill=\"none\"><rect width=\"35.765\" height=\"35.765\" rx=\"17.8825\" fill=\"url(#paint0_linear_56_403)\"><\/rect><path d=\"M15.5222 12.3708L23.3945 12.3708L23.3945 20.243\" stroke=\"white\" stroke-width=\"1.8341\" stroke-miterlimit=\"10\" stroke-linecap=\"round\" stroke-linejoin=\"round\"><\/path><path d=\"M12.3707 23.3944L23.2842 12.481\" stroke=\"white\" stroke-width=\"1.8341\" stroke-miterlimit=\"10\" stroke-linecap=\"round\" stroke-linejoin=\"round\"><\/path><defs><linearGradient id=\"paint0_linear_56_403\" x1=\"0\" y1=\"17.8825\" x2=\"35.765\" y2=\"17.8825\" gradientUnits=\"userSpaceOnUse\"><stop stop-color=\"#D01021\"><\/stop><stop offset=\"1\" stop-color=\"#730913\"><\/stop><\/linearGradient><\/defs><\/svg>\t\t\t<\/span>\n\t\t\t\t\t\t\t\t\t<span class=\"elementor-button-text\">Fale com um especialista<\/span>\n\t\t\t\t\t<\/span>\n\t\t\t\t\t<\/a>\n\t\t\t\t<\/div>\n\t\t\t\t\t\t\t\t<\/div>\n\t\t\t\t<\/div>\n\t\t\t\t<div class=\"elementor-element elementor-element-430525a elementor-widget-mobile__width-initial elementor-widget elementor-widget-button\" data-id=\"430525a\" data-element_type=\"widget\" data-widget_type=\"button.default\">\n\t\t\t\t<div class=\"elementor-widget-container\">\n\t\t\t\t\t\t\t\t\t<div class=\"elementor-button-wrapper\">\n\t\t\t\t\t<a class=\"elementor-button elementor-button-link elementor-size-sm\" href=\"https:\/\/app.21live.com.br\/rhtreinare\/\" target=\"_blank\">\n\t\t\t\t\t\t<span class=\"elementor-button-content-wrapper\">\n\t\t\t\t\t\t<span class=\"elementor-button-icon\">\n\t\t\t\t<svg xmlns=\"http:\/\/www.w3.org\/2000\/svg\" xmlns:xlink=\"http:\/\/www.w3.org\/1999\/xlink\" width=\"512\" height=\"512\" x=\"0\" y=\"0\" viewBox=\"0 0 385.756 385.756\" style=\"enable-background:new 0 0 512 512\" xml:space=\"preserve\" class=\"\"><g><path d=\"M377.816 7.492C372.504 2.148 366.088 0 358.608 0H98.544c-15.44 0-29.08 10.988-29.08 26.428v23.724c0 15.44 13.64 29.848 29.08 29.848h152.924L8.464 322.08C3.196 327.352.292 333.92.288 341.42c0 7.5 2.908 14.296 8.176 19.568L25.24 377.64c5.264 5.272 12.296 8.116 19.796 8.116s13.768-2.928 19.036-8.2l241.392-242.172v151.124c0 15.444 14.084 29.492 29.52 29.492h23.732c15.432 0 26.752-14.048 26.752-29.492V26.52c-.004-7.472-2.324-13.732-7.652-19.028z\" fill=\"#ffffff\" opacity=\"1\" data-original=\"#000000\" class=\"\"><\/path><\/g><\/svg>\t\t\t<\/span>\n\t\t\t\t\t\t\t\t\t<span class=\"elementor-button-text\">\u00c1rea de acesso<\/span>\n\t\t\t\t\t<\/span>\n\t\t\t\t\t<\/a>\n\t\t\t\t<\/div>\n\t\t\t\t\t\t\t\t<\/div>\n\t\t\t\t<\/div>\n\t\t\t\t<\/div>\n\t\t\t\t<\/div>\n\t\t<div class=\"elementor-element elementor-element-67273b6 e-con-full e-flex e-con e-child\" data-id=\"67273b6\" data-element_type=\"container\" data-settings=\"{&quot;_ha_eqh_enable&quot;:false}\">\n\t\t\t\t<\/div>\n\t\t\t\t\t<\/div>\n\t\t\t\t<\/div>\n\t\t<div class=\"elementor-element elementor-element-0a79ec2 e-flex e-con-boxed e-con e-parent\" data-id=\"0a79ec2\" data-element_type=\"container\" data-settings=\"{&quot;background_background&quot;:&quot;classic&quot;,&quot;_ha_eqh_enable&quot;:false}\">\n\t\t\t\t\t<div class=\"e-con-inner\">\n\t\t<div class=\"elementor-element elementor-element-bb9b9c4 e-con-full e-flex e-con e-child\" data-id=\"bb9b9c4\" data-element_type=\"container\" data-settings=\"{&quot;_ha_eqh_enable&quot;:false}\">\n\t\t<div class=\"elementor-element elementor-element-b4b7f93 e-con-full e-flex e-con e-child\" data-id=\"b4b7f93\" data-element_type=\"container\" data-settings=\"{&quot;_ha_eqh_enable&quot;:false}\">\n\t\t<div class=\"elementor-element elementor-element-974254e e-con-full e-flex elementor-invisible e-con e-child\" data-id=\"974254e\" data-element_type=\"container\" data-settings=\"{&quot;background_background&quot;:&quot;classic&quot;,&quot;animation&quot;:&quot;fadeInUp&quot;,&quot;_ha_eqh_enable&quot;:false}\">\n\t\t<div class=\"elementor-element elementor-element-d8567e4 e-con-full e-flex e-con e-child\" data-id=\"d8567e4\" data-element_type=\"container\" data-settings=\"{&quot;background_background&quot;:&quot;classic&quot;,&quot;_ha_eqh_enable&quot;:false}\">\n\t\t\t\t<div class=\"elementor-element elementor-element-2b8c553 elementor-widget elementor-widget-heading\" data-id=\"2b8c553\" data-element_type=\"widget\" data-widget_type=\"heading.default\">\n\t\t\t\t<div class=\"elementor-widget-container\">\n\t\t\t\t\t<h2 class=\"elementor-heading-title elementor-size-default\"> Suporte T\u00e9cnico e Pedag\u00f3gico Cont\u00ednuo<\/h2>\t\t\t\t<\/div>\n\t\t\t\t<\/div>\n\t\t\t\t<div class=\"elementor-element elementor-element-1ecad9d elementor-widget elementor-widget-text-editor\" data-id=\"1ecad9d\" data-element_type=\"widget\" data-widget_type=\"text-editor.default\">\n\t\t\t\t<div class=\"elementor-widget-container\">\n\t\t\t\t\t\t\t\t\t<p>Forma\u00e7\u00e3o completa com orienta\u00e7\u00f5es did\u00e1ticas e metodol\u00f3gicas.<\/p>\t\t\t\t\t\t\t\t<\/div>\n\t\t\t\t<\/div>\n\t\t\t\t<\/div>\n\t\t\t\t<\/div>\n\t\t<div class=\"elementor-element elementor-element-fa5ded9 e-con-full e-flex elementor-invisible e-con e-child\" data-id=\"fa5ded9\" data-element_type=\"container\" data-settings=\"{&quot;background_background&quot;:&quot;classic&quot;,&quot;animation&quot;:&quot;fadeInUp&quot;,&quot;_ha_eqh_enable&quot;:false}\">\n\t\t<div class=\"elementor-element elementor-element-3e31a91 e-con-full e-flex e-con e-child\" data-id=\"3e31a91\" data-element_type=\"container\" data-settings=\"{&quot;background_background&quot;:&quot;classic&quot;,&quot;_ha_eqh_enable&quot;:false}\">\n\t\t\t\t<div class=\"elementor-element elementor-element-677b402 elementor-widget elementor-widget-heading\" data-id=\"677b402\" data-element_type=\"widget\" data-widget_type=\"heading.default\">\n\t\t\t\t<div class=\"elementor-widget-container\">\n\t\t\t\t\t<h2 class=\"elementor-heading-title elementor-size-default\">Valida\u00e7\u00e3o e Gest\u00e3o da Documenta\u00e7\u00e3o<\/h2>\t\t\t\t<\/div>\n\t\t\t\t<\/div>\n\t\t\t\t<div class=\"elementor-element elementor-element-8ec743a elementor-widget elementor-widget-text-editor\" data-id=\"8ec743a\" data-element_type=\"widget\" data-widget_type=\"text-editor.default\">\n\t\t\t\t<div class=\"elementor-widget-container\">\n\t\t\t\t\t\t\t\t\t<p>Relat\u00f3rios, listas de presen\u00e7a, certificados e evid\u00eancias legais organizadas e acess\u00edveis.<\/p>\t\t\t\t\t\t\t\t<\/div>\n\t\t\t\t<\/div>\n\t\t\t\t<\/div>\n\t\t\t\t<\/div>\n\t\t<div class=\"elementor-element elementor-element-c4aa3a0 e-con-full e-flex elementor-invisible e-con e-child\" data-id=\"c4aa3a0\" data-element_type=\"container\" data-settings=\"{&quot;background_background&quot;:&quot;classic&quot;,&quot;animation&quot;:&quot;fadeInUp&quot;,&quot;_ha_eqh_enable&quot;:false}\">\n\t\t<div class=\"elementor-element elementor-element-dee47dd e-con-full e-flex e-con e-child\" data-id=\"dee47dd\" data-element_type=\"container\" data-settings=\"{&quot;background_background&quot;:&quot;classic&quot;,&quot;_ha_eqh_enable&quot;:false}\">\n\t\t\t\t<div class=\"elementor-element elementor-element-0df6004 elementor-widget elementor-widget-heading\" data-id=\"0df6004\" data-element_type=\"widget\" data-widget_type=\"heading.default\">\n\t\t\t\t<div class=\"elementor-widget-container\">\n\t\t\t\t\t<h2 class=\"elementor-heading-title elementor-size-default\">Capacita\u00e7\u00e3o de T\u00e9cnicos de Seguran\u00e7a como Instrutores Internos<\/h2>\t\t\t\t<\/div>\n\t\t\t\t<\/div>\n\t\t\t\t<div class=\"elementor-element elementor-element-7395654 elementor-widget elementor-widget-text-editor\" data-id=\"7395654\" data-element_type=\"widget\" data-widget_type=\"text-editor.default\">\n\t\t\t\t<div class=\"elementor-widget-container\">\n\t\t\t\t\t\t\t\t\t<p>Forma\u00e7\u00e3o completa com orienta\u00e7\u00f5es did\u00e1ticas e metodol\u00f3gicas.<\/p>\t\t\t\t\t\t\t\t<\/div>\n\t\t\t\t<\/div>\n\t\t\t\t<\/div>\n\t\t\t\t<\/div>\n\t\t<div class=\"elementor-element elementor-element-a4e5c98 e-con-full e-flex elementor-invisible e-con e-child\" data-id=\"a4e5c98\" data-element_type=\"container\" data-settings=\"{&quot;background_background&quot;:&quot;classic&quot;,&quot;animation&quot;:&quot;fadeInUp&quot;,&quot;_ha_eqh_enable&quot;:false}\">\n\t\t<div class=\"elementor-element elementor-element-273fca6 e-con-full e-flex e-con e-child\" data-id=\"273fca6\" data-element_type=\"container\" data-settings=\"{&quot;background_background&quot;:&quot;classic&quot;,&quot;_ha_eqh_enable&quot;:false}\">\n\t\t\t\t<div class=\"elementor-element elementor-element-8a492a3 elementor-widget elementor-widget-heading\" data-id=\"8a492a3\" data-element_type=\"widget\" data-widget_type=\"heading.default\">\n\t\t\t\t<div class=\"elementor-widget-container\">\n\t\t\t\t\t<h2 class=\"elementor-heading-title elementor-size-default\">Acesso \u00e0 Plataforma Digital RHT Academy<\/h2>\t\t\t\t<\/div>\n\t\t\t\t<\/div>\n\t\t\t\t<div class=\"elementor-element elementor-element-c1d100d elementor-widget elementor-widget-text-editor\" data-id=\"c1d100d\" data-element_type=\"widget\" data-widget_type=\"text-editor.default\">\n\t\t\t\t<div class=\"elementor-widget-container\">\n\t\t\t\t\t\t\t\t\t<p>Slides, apostilas e todo o material did\u00e1tico necess\u00e1rio.<\/p>\t\t\t\t\t\t\t\t<\/div>\n\t\t\t\t<\/div>\n\t\t\t\t<\/div>\n\t\t\t\t<\/div>\n\t\t\t\t<\/div>\n\t\t\t\t<\/div>\n\t\t<div class=\"elementor-element elementor-element-04d907e e-con-full e-flex e-con e-child\" data-id=\"04d907e\" data-element_type=\"container\" data-settings=\"{&quot;_ha_eqh_enable&quot;:false}\">\n\t\t\t\t<div class=\"elementor-element elementor-element-4f96868 elementor-invisible elementor-widget elementor-widget-heading\" data-id=\"4f96868\" data-element_type=\"widget\" data-settings=\"{&quot;_animation&quot;:&quot;fadeInUp&quot;}\" data-widget_type=\"heading.default\">\n\t\t\t\t<div class=\"elementor-widget-container\">\n\t\t\t\t\t<h2 class=\"elementor-heading-title elementor-size-default\">Execu\u00e7\u00e3o dos principais \ntreinamentos normativos<\/h2>\t\t\t\t<\/div>\n\t\t\t\t<\/div>\n\t\t\t\t<div class=\"elementor-element elementor-element-bde0f5e elementor-invisible elementor-widget elementor-widget-text-editor\" data-id=\"bde0f5e\" data-element_type=\"widget\" data-settings=\"{&quot;_animation&quot;:&quot;fadeInUp&quot;}\" data-widget_type=\"text-editor.default\">\n\t\t\t\t<div class=\"elementor-widget-container\">\n\t\t\t\t\t\t\t\t\t<p>Se a sua empresa busca autonomia, redu\u00e7\u00e3o de custos e controle sobre os treinamentos obrigat\u00f3rios (NRs), o modelo RHT Company \u00e9 ideal.<br \/><br \/>Com essa solu\u00e7\u00e3o, voc\u00ea transforma seus pr\u00f3prios T\u00e9cnicos de Seguran\u00e7a do Trabalho em multiplicadores internos, por meio da nossa metodologia NEPS, totalmente integrada e certificada no formato EAD.<br \/><br \/>Voc\u00ea recebe: Metodologia de ensino validada; Materiais completos e atualizados (conte\u00fado, apresenta\u00e7\u00f5es, v\u00eddeos, testes); Documenta\u00e7\u00e3o obrigat\u00f3ria para auditorias (listas de presen\u00e7a, certificados, avalia\u00e7\u00f5es); Treinamentos de forma\u00e7\u00e3o de multiplicadores e integra\u00e7\u00e3o nas NRs contratadas. Resultado: sua empresa ganha agilidade, padroniza\u00e7\u00e3o e total conformidade com as exig\u00eancias legais.<\/p>\t\t\t\t\t\t\t\t<\/div>\n\t\t\t\t<\/div>\n\t\t\t\t<div class=\"elementor-element elementor-element-6ec3f13 elementor-widget elementor-widget-button\" data-id=\"6ec3f13\" data-element_type=\"widget\" data-widget_type=\"button.default\">\n\t\t\t\t<div class=\"elementor-widget-container\">\n\t\t\t\t\t\t\t\t\t<div class=\"elementor-button-wrapper\">\n\t\t\t\t\t<a class=\"elementor-button elementor-button-link elementor-size-sm\" href=\"https:\/\/wa.me\/5515988298165?text=Ol%C3%A1%2C%20vim%20pelo%20site%20e%20gostaria%20de%20mais%20informa%C3%A7%C3%B5es\" target=\"_blank\">\n\t\t\t\t\t\t<span class=\"elementor-button-content-wrapper\">\n\t\t\t\t\t\t<span class=\"elementor-button-icon\">\n\t\t\t\t<svg xmlns=\"http:\/\/www.w3.org\/2000\/svg\" width=\"36\" height=\"36\" viewBox=\"0 0 36 36\" fill=\"none\"><rect width=\"35.765\" height=\"35.765\" rx=\"17.8825\" fill=\"url(#paint0_linear_56_403)\"><\/rect><path d=\"M15.5222 12.3708L23.3945 12.3708L23.3945 20.243\" stroke=\"white\" stroke-width=\"1.8341\" stroke-miterlimit=\"10\" stroke-linecap=\"round\" stroke-linejoin=\"round\"><\/path><path d=\"M12.3707 23.3944L23.2842 12.481\" stroke=\"white\" stroke-width=\"1.8341\" stroke-miterlimit=\"10\" stroke-linecap=\"round\" stroke-linejoin=\"round\"><\/path><defs><linearGradient id=\"paint0_linear_56_403\" x1=\"0\" y1=\"17.8825\" x2=\"35.765\" y2=\"17.8825\" gradientUnits=\"userSpaceOnUse\"><stop stop-color=\"#D01021\"><\/stop><stop offset=\"1\" stop-color=\"#730913\"><\/stop><\/linearGradient><\/defs><\/svg>\t\t\t<\/span>\n\t\t\t\t\t\t\t\t\t<span class=\"elementor-button-text\">Fale com um especialista<\/span>\n\t\t\t\t\t<\/span>\n\t\t\t\t\t<\/a>\n\t\t\t\t<\/div>\n\t\t\t\t\t\t\t\t<\/div>\n\t\t\t\t<\/div>\n\t\t\t\t<\/div>\n\t\t\t\t\t<\/div>\n\t\t\t\t<\/div>\n\t\t\t\t<\/div>\n\t\t","protected":false},"excerpt":{"rendered":"<p>RHT Company Para empresas e ind\u00fastrias que desejam internalizar os treinamentos normativos A RHT Company \u00e9 a solu\u00e7\u00e3o da RHTREINARE para empresas que desejam executar internamente seus treinamentos obrigat\u00f3rios com suporte t\u00e9cnico e metodol\u00f3gico completo. Fale com um especialista \u00c1rea de acesso Suporte T\u00e9cnico e Pedag\u00f3gico Cont\u00ednuo Forma\u00e7\u00e3o completa com orienta\u00e7\u00f5es did\u00e1ticas e metodol\u00f3gicas. Valida\u00e7\u00e3o [&hellip;]<\/p>\n","protected":false},"author":1,"featured_media":0,"parent":0,"menu_order":0,"comment_status":"closed","ping_status":"closed","template":"elementor_header_footer","meta":{"footnotes":""},"class_list":["post-428","page","type-page","status-publish","hentry"],"_links":{"self":[{"href":"https:\/\/rhtacademy.com.br\/index.php?rest_route=\/wp\/v2\/pages\/428","targetHints":{"allow":["GET"]}}],"collection":[{"href":"https:\/\/rhtacademy.com.br\/index.php?rest_route=\/wp\/v2\/pages"}],"about":[{"href":"https:\/\/rhtacademy.com.br\/index.php?rest_route=\/wp\/v2\/types\/page"}],"author":[{"embeddable":true,"href":"https:\/\/rhtacademy.com.br\/index.php?rest_route=\/wp\/v2\/users\/1"}],"replies":[{"embeddable":true,"href":"https:\/\/rhtacademy.com.br\/index.php?rest_route=%2Fwp%2Fv2%2Fcomments&post=428"}],"version-history":[{"count":227,"href":"https:\/\/rhtacademy.com.br\/index.php?rest_route=\/wp\/v2\/pages\/428\/revisions"}],"predecessor-version":[{"id":1227,"href":"https:\/\/rhtacademy.com.br\/index.php?rest_route=\/wp\/v2\/pages\/428\/revisions\/1227"}],"wp:attachment":[{"href":"https:\/\/rhtacademy.com.br\/index.php?rest_route=%2Fwp%2Fv2%2Fmedia&parent=428"}],"curies":[{"name":"wp","href":"https:\/\/api.w.org\/{rel}","templated":true}]}}