{"id":648,"date":"2025-06-05T18:15:17","date_gmt":"2025-06-05T18:15:17","guid":{"rendered":"http:\/\/rhtacademy.com.br\/?page_id=648"},"modified":"2025-07-22T19:33:30","modified_gmt":"2025-07-22T19:33:30","slug":"academy-pro","status":"publish","type":"page","link":"https:\/\/rhtacademy.com.br\/?page_id=648","title":{"rendered":"RHT Pro"},"content":{"rendered":"\t\t<div data-elementor-type=\"wp-page\" data-elementor-id=\"648\" class=\"elementor elementor-648\" data-elementor-settings=\"{&quot;ha_cmc_init_switcher&quot;:&quot;no&quot;}\" data-elementor-post-type=\"page\">\n\t\t\t\t<div class=\"elementor-element elementor-element-e079967 e-flex e-con-boxed e-con e-parent\" data-id=\"e079967\" data-element_type=\"container\" data-settings=\"{&quot;background_background&quot;:&quot;classic&quot;,&quot;_ha_eqh_enable&quot;:false}\">\n\t\t\t\t\t<div class=\"e-con-inner\">\n\t\t<div class=\"elementor-element elementor-element-100b4d3 e-con-full e-flex e-con e-child\" data-id=\"100b4d3\" data-element_type=\"container\" data-settings=\"{&quot;_ha_eqh_enable&quot;:false}\">\n\t\t\t\t<div class=\"elementor-element elementor-element-96dc8ec elementor-invisible elementor-widget elementor-widget-heading\" data-id=\"96dc8ec\" data-element_type=\"widget\" data-settings=\"{&quot;_animation&quot;:&quot;fadeInLeft&quot;}\" data-widget_type=\"heading.default\">\n\t\t\t\t<div class=\"elementor-widget-container\">\n\t\t\t\t\t<h2 class=\"elementor-heading-title elementor-size-default\">rht Pro<\/h2>\t\t\t\t<\/div>\n\t\t\t\t<\/div>\n\t\t\t\t<div class=\"elementor-element elementor-element-ae25b05 elementor-invisible elementor-widget elementor-widget-heading\" data-id=\"ae25b05\" data-element_type=\"widget\" data-settings=\"{&quot;_animation&quot;:&quot;fadeInUp&quot;}\" data-widget_type=\"heading.default\">\n\t\t\t\t<div class=\"elementor-widget-container\">\n\t\t\t\t\t<h2 class=\"elementor-heading-title elementor-size-default\">Para cl\u00ednicas de medicina do trabalho e consultorias em SST que desejam vender  treinamentos<\/h2>\t\t\t\t<\/div>\n\t\t\t\t<\/div>\n\t\t\t\t<div class=\"elementor-element elementor-element-86257b7 elementor-invisible elementor-widget elementor-widget-text-editor\" data-id=\"86257b7\" data-element_type=\"widget\" data-settings=\"{&quot;_animation&quot;:&quot;fadeInUp&quot;}\" data-widget_type=\"text-editor.default\">\n\t\t\t\t<div class=\"elementor-widget-container\">\n\t\t\t\t\t\t\t\t\t<p>Com o Academy Pro, voc\u00ea foca no relacionamento com o cliente, enquanto a RHT executa a entrega com excel\u00eancia t\u00e9cnica e total conformidade com a legisla\u00e7\u00e3o.<\/p>\t\t\t\t\t\t\t\t<\/div>\n\t\t\t\t<\/div>\n\t\t<div class=\"elementor-element elementor-element-0660da5 e-con-full e-flex elementor-invisible e-con e-child\" data-id=\"0660da5\" data-element_type=\"container\" data-settings=\"{&quot;animation&quot;:&quot;fadeInUp&quot;,&quot;_ha_eqh_enable&quot;:false}\">\n\t\t\t\t<div class=\"elementor-element elementor-element-9531662 elementor-widget-mobile__width-initial elementor-widget elementor-widget-button\" data-id=\"9531662\" data-element_type=\"widget\" data-widget_type=\"button.default\">\n\t\t\t\t<div class=\"elementor-widget-container\">\n\t\t\t\t\t\t\t\t\t<div class=\"elementor-button-wrapper\">\n\t\t\t\t\t<a class=\"elementor-button elementor-button-link elementor-size-sm\" href=\"https:\/\/wa.me\/5515988298165?text=Ol%C3%A1%2C%20vim%20pelo%20site%20e%20gostaria%20de%20mais%20informa%C3%A7%C3%B5es\" target=\"_blank\">\n\t\t\t\t\t\t<span class=\"elementor-button-content-wrapper\">\n\t\t\t\t\t\t<span class=\"elementor-button-icon\">\n\t\t\t\t<svg xmlns=\"http:\/\/www.w3.org\/2000\/svg\" width=\"36\" height=\"36\" viewBox=\"0 0 36 36\" fill=\"none\"><rect width=\"35.765\" height=\"35.765\" rx=\"17.8825\" fill=\"url(#paint0_linear_56_403)\"><\/rect><path d=\"M15.5222 12.3708L23.3945 12.3708L23.3945 20.243\" stroke=\"white\" stroke-width=\"1.8341\" stroke-miterlimit=\"10\" stroke-linecap=\"round\" stroke-linejoin=\"round\"><\/path><path d=\"M12.3707 23.3944L23.2842 12.481\" stroke=\"white\" stroke-width=\"1.8341\" stroke-miterlimit=\"10\" stroke-linecap=\"round\" stroke-linejoin=\"round\"><\/path><defs><linearGradient id=\"paint0_linear_56_403\" x1=\"0\" y1=\"17.8825\" x2=\"35.765\" y2=\"17.8825\" gradientUnits=\"userSpaceOnUse\"><stop stop-color=\"#D01021\"><\/stop><stop offset=\"1\" stop-color=\"#730913\"><\/stop><\/linearGradient><\/defs><\/svg>\t\t\t<\/span>\n\t\t\t\t\t\t\t\t\t<span class=\"elementor-button-text\">Fale com um especialista<\/span>\n\t\t\t\t\t<\/span>\n\t\t\t\t\t<\/a>\n\t\t\t\t<\/div>\n\t\t\t\t\t\t\t\t<\/div>\n\t\t\t\t<\/div>\n\t\t\t\t<div class=\"elementor-element elementor-element-430525a elementor-widget-mobile__width-initial elementor-widget elementor-widget-button\" data-id=\"430525a\" data-element_type=\"widget\" data-widget_type=\"button.default\">\n\t\t\t\t<div class=\"elementor-widget-container\">\n\t\t\t\t\t\t\t\t\t<div class=\"elementor-button-wrapper\">\n\t\t\t\t\t<a class=\"elementor-button elementor-button-link elementor-size-sm\" href=\"https:\/\/app.21live.com.br\/rhtreinare\/\" target=\"_blank\">\n\t\t\t\t\t\t<span class=\"elementor-button-content-wrapper\">\n\t\t\t\t\t\t<span class=\"elementor-button-icon\">\n\t\t\t\t<svg xmlns=\"http:\/\/www.w3.org\/2000\/svg\" xmlns:xlink=\"http:\/\/www.w3.org\/1999\/xlink\" width=\"512\" height=\"512\" x=\"0\" y=\"0\" viewBox=\"0 0 385.756 385.756\" style=\"enable-background:new 0 0 512 512\" xml:space=\"preserve\" class=\"\"><g><path d=\"M377.816 7.492C372.504 2.148 366.088 0 358.608 0H98.544c-15.44 0-29.08 10.988-29.08 26.428v23.724c0 15.44 13.64 29.848 29.08 29.848h152.924L8.464 322.08C3.196 327.352.292 333.92.288 341.42c0 7.5 2.908 14.296 8.176 19.568L25.24 377.64c5.264 5.272 12.296 8.116 19.796 8.116s13.768-2.928 19.036-8.2l241.392-242.172v151.124c0 15.444 14.084 29.492 29.52 29.492h23.732c15.432 0 26.752-14.048 26.752-29.492V26.52c-.004-7.472-2.324-13.732-7.652-19.028z\" fill=\"#ffffff\" opacity=\"1\" data-original=\"#000000\" class=\"\"><\/path><\/g><\/svg>\t\t\t<\/span>\n\t\t\t\t\t\t\t\t\t<span class=\"elementor-button-text\">\u00c1rea de acesso<\/span>\n\t\t\t\t\t<\/span>\n\t\t\t\t\t<\/a>\n\t\t\t\t<\/div>\n\t\t\t\t\t\t\t\t<\/div>\n\t\t\t\t<\/div>\n\t\t\t\t<\/div>\n\t\t\t\t<\/div>\n\t\t<div class=\"elementor-element elementor-element-67273b6 e-con-full e-flex e-con e-child\" data-id=\"67273b6\" data-element_type=\"container\" data-settings=\"{&quot;_ha_eqh_enable&quot;:false}\">\n\t\t\t\t<\/div>\n\t\t\t\t\t<\/div>\n\t\t\t\t<\/div>\n\t\t<div class=\"elementor-element elementor-element-0a79ec2 e-flex e-con-boxed e-con e-parent\" data-id=\"0a79ec2\" data-element_type=\"container\" data-settings=\"{&quot;background_background&quot;:&quot;classic&quot;,&quot;_ha_eqh_enable&quot;:false}\">\n\t\t\t\t\t<div class=\"e-con-inner\">\n\t\t<div class=\"elementor-element elementor-element-bb9b9c4 e-con-full e-flex e-con e-child\" data-id=\"bb9b9c4\" data-element_type=\"container\" data-settings=\"{&quot;_ha_eqh_enable&quot;:false}\">\n\t\t\t\t<div class=\"elementor-element elementor-element-3a86f3e elementor-widget elementor-widget-heading\" data-id=\"3a86f3e\" data-element_type=\"widget\" data-widget_type=\"heading.default\">\n\t\t\t\t<div class=\"elementor-widget-container\">\n\t\t\t\t\t<h2 class=\"elementor-heading-title elementor-size-default\">COMO FUNCIONA?<\/h2>\t\t\t\t<\/div>\n\t\t\t\t<\/div>\n\t\t\t\t<div class=\"elementor-element elementor-element-8e84047 elementor-widget elementor-widget-text-editor\" data-id=\"8e84047\" data-element_type=\"widget\" data-widget_type=\"text-editor.default\">\n\t\t\t\t<div class=\"elementor-widget-container\">\n\t\t\t\t\t\t\t\t\t<p>Voc\u00ea vende o treinamento com a garantia da RHT Academy, que executa todas as etapas por tr\u00e1s do servi\u00e7o.<\/p>\t\t\t\t\t\t\t\t<\/div>\n\t\t\t\t<\/div>\n\t\t<div class=\"elementor-element elementor-element-ca43db9 e-con-full e-flex e-con e-child\" data-id=\"ca43db9\" data-element_type=\"container\" data-settings=\"{&quot;_ha_eqh_enable&quot;:false}\">\n\t\t<div class=\"elementor-element elementor-element-3bdb7a3 e-con-full e-flex e-con e-child\" data-id=\"3bdb7a3\" data-element_type=\"container\" data-settings=\"{&quot;background_background&quot;:&quot;gradient&quot;,&quot;_ha_eqh_enable&quot;:false}\">\n\t\t\t\t<div class=\"elementor-element elementor-element-120755f elementor-position-left elementor-vertical-align-middle elementor-tablet-position-top elementor-view-default elementor-mobile-position-top elementor-widget elementor-widget-icon-box\" data-id=\"120755f\" data-element_type=\"widget\" data-widget_type=\"icon-box.default\">\n\t\t\t\t<div class=\"elementor-widget-container\">\n\t\t\t\t\t\t\t<div class=\"elementor-icon-box-wrapper\">\n\n\t\t\t\t\t\t<div class=\"elementor-icon-box-icon\">\n\t\t\t\t<span  class=\"elementor-icon\">\n\t\t\t\t<svg xmlns=\"http:\/\/www.w3.org\/2000\/svg\" width=\"65\" height=\"65\" viewBox=\"0 0 65 65\" fill=\"none\"><circle cx=\"32.5\" cy=\"32.5\" r=\"32.5\" fill=\"url(#paint0_linear_56_325)\"><\/circle><path d=\"M36.2966 31.1233C36.5138 33.5708 34.5915 35.6251 32.1879 35.6251H27.5775C26.5146 35.6251 25.7487 34.5952 26.0787 33.586C26.8033 31.3681 28.144 28.0585 31.2103 27.4672C33.6235 27.0025 36.0807 28.6759 36.2979 31.1233H36.2966ZM47.0315 15.9723C45.7375 14.677 43.6392 14.6757 42.344 15.9695C42.3 16.0135 34.1584 24.9482 34.1584 24.9482C36.2086 25.567 37.8517 27.0987 38.6025 29.0884L47.026 20.6651C48.3226 19.3699 48.3267 17.2689 47.0315 15.9723ZM41.8132 31.5001C40.6733 31.5001 39.7506 32.4241 39.7506 33.5626V40.4375C39.7506 42.3337 38.2079 43.875 36.3131 43.875H22.5627C20.6679 43.875 19.1251 42.3337 19.1251 40.4375V26.6876C19.1251 24.7915 20.6679 23.2501 22.5627 23.2501H30.8129C31.9528 23.2501 32.8755 22.3261 32.8755 21.1876C32.8755 20.0491 31.9528 19.1252 30.8129 19.1252H22.5627C18.3922 19.1252 15 22.5186 15 26.6876V40.4375C15 44.6065 18.3922 48 22.5627 48H36.3131C40.4835 48 43.8757 44.6065 43.8757 40.4375V33.5626C43.8757 32.4241 42.9531 31.5001 41.8132 31.5001Z\" fill=\"white\"><\/path><defs><linearGradient id=\"paint0_linear_56_325\" x1=\"32.5\" y1=\"0\" x2=\"32.5\" y2=\"65\" gradientUnits=\"userSpaceOnUse\"><stop stop-color=\"#730913\"><\/stop><stop offset=\"1\" stop-color=\"#D91124\"><\/stop><\/linearGradient><\/defs><\/svg>\t\t\t\t<\/span>\n\t\t\t<\/div>\n\t\t\t\n\t\t\t\t\t\t<div class=\"elementor-icon-box-content\">\n\n\t\t\t\t\t\t\t\t\t<h3 class=\"elementor-icon-box-title\">\n\t\t\t\t\t\t<span  >\n\t\t\t\t\t\t\tEntrega completa pela RHT Academy\t\t\t\t\t\t<\/span>\n\t\t\t\t\t<\/h3>\n\t\t\t\t\n\t\t\t\t\n\t\t\t<\/div>\n\t\t\t\n\t\t<\/div>\n\t\t\t\t\t\t<\/div>\n\t\t\t\t<\/div>\n\t\t\t\t<div class=\"elementor-element elementor-element-af42d3c elementor-widget elementor-widget-text-editor\" data-id=\"af42d3c\" data-element_type=\"widget\" data-widget_type=\"text-editor.default\">\n\t\t\t\t<div class=\"elementor-widget-container\">\n\t\t\t\t\t\t\t\t\t<p>Desde a contrata\u00e7\u00e3o do instrutor at\u00e9 a realiza\u00e7\u00e3o do treinamento, toda a execu\u00e7\u00e3o \u00e9 feita com respaldo t\u00e9cnico e legal.<\/p>\t\t\t\t\t\t\t\t<\/div>\n\t\t\t\t<\/div>\n\t\t\t\t<\/div>\n\t\t<div class=\"elementor-element elementor-element-d913503 e-con-full e-flex e-con e-child\" data-id=\"d913503\" data-element_type=\"container\" data-settings=\"{&quot;background_background&quot;:&quot;gradient&quot;,&quot;_ha_eqh_enable&quot;:false}\">\n\t\t\t\t<div class=\"elementor-element elementor-element-fa00d61 elementor-position-left elementor-vertical-align-middle elementor-tablet-position-top elementor-view-default elementor-mobile-position-top elementor-widget elementor-widget-icon-box\" data-id=\"fa00d61\" data-element_type=\"widget\" data-widget_type=\"icon-box.default\">\n\t\t\t\t<div class=\"elementor-widget-container\">\n\t\t\t\t\t\t\t<div class=\"elementor-icon-box-wrapper\">\n\n\t\t\t\t\t\t<div class=\"elementor-icon-box-icon\">\n\t\t\t\t<span  class=\"elementor-icon\">\n\t\t\t\t<svg xmlns=\"http:\/\/www.w3.org\/2000\/svg\" width=\"65\" height=\"65\" viewBox=\"0 0 65 65\" fill=\"none\"><circle cx=\"32.5\" cy=\"32.5\" r=\"32.5\" fill=\"url(#paint0_linear_56_325)\"><\/circle><path d=\"M36.2966 31.1233C36.5138 33.5708 34.5915 35.6251 32.1879 35.6251H27.5775C26.5146 35.6251 25.7487 34.5952 26.0787 33.586C26.8033 31.3681 28.144 28.0585 31.2103 27.4672C33.6235 27.0025 36.0807 28.6759 36.2979 31.1233H36.2966ZM47.0315 15.9723C45.7375 14.677 43.6392 14.6757 42.344 15.9695C42.3 16.0135 34.1584 24.9482 34.1584 24.9482C36.2086 25.567 37.8517 27.0987 38.6025 29.0884L47.026 20.6651C48.3226 19.3699 48.3267 17.2689 47.0315 15.9723ZM41.8132 31.5001C40.6733 31.5001 39.7506 32.4241 39.7506 33.5626V40.4375C39.7506 42.3337 38.2079 43.875 36.3131 43.875H22.5627C20.6679 43.875 19.1251 42.3337 19.1251 40.4375V26.6876C19.1251 24.7915 20.6679 23.2501 22.5627 23.2501H30.8129C31.9528 23.2501 32.8755 22.3261 32.8755 21.1876C32.8755 20.0491 31.9528 19.1252 30.8129 19.1252H22.5627C18.3922 19.1252 15 22.5186 15 26.6876V40.4375C15 44.6065 18.3922 48 22.5627 48H36.3131C40.4835 48 43.8757 44.6065 43.8757 40.4375V33.5626C43.8757 32.4241 42.9531 31.5001 41.8132 31.5001Z\" fill=\"white\"><\/path><defs><linearGradient id=\"paint0_linear_56_325\" x1=\"32.5\" y1=\"0\" x2=\"32.5\" y2=\"65\" gradientUnits=\"userSpaceOnUse\"><stop stop-color=\"#730913\"><\/stop><stop offset=\"1\" stop-color=\"#D91124\"><\/stop><\/linearGradient><\/defs><\/svg>\t\t\t\t<\/span>\n\t\t\t<\/div>\n\t\t\t\n\t\t\t\t\t\t<div class=\"elementor-icon-box-content\">\n\n\t\t\t\t\t\t\t\t\t<h3 class=\"elementor-icon-box-title\">\n\t\t\t\t\t\t<span  >\n\t\t\t\t\t\t\tMateriais com a marca e garantia da RHT Academy\t\t\t\t\t\t<\/span>\n\t\t\t\t\t<\/h3>\n\t\t\t\t\n\t\t\t\t\n\t\t\t<\/div>\n\t\t\t\n\t\t<\/div>\n\t\t\t\t\t\t<\/div>\n\t\t\t\t<\/div>\n\t\t\t\t<div class=\"elementor-element elementor-element-9ceb337 elementor-widget elementor-widget-text-editor\" data-id=\"9ceb337\" data-element_type=\"widget\" data-widget_type=\"text-editor.default\">\n\t\t\t\t<div class=\"elementor-widget-container\">\n\t\t\t\t\t\t\t\t\t<p>Receba conte\u00fados prontos no modelo white label com slides, apostilas e avalia\u00e7\u00f5es, tudo para sua empresa crescer.<\/p>\t\t\t\t\t\t\t\t<\/div>\n\t\t\t\t<\/div>\n\t\t\t\t<\/div>\n\t\t<div class=\"elementor-element elementor-element-5dfbdb6 e-con-full e-flex e-con e-child\" data-id=\"5dfbdb6\" data-element_type=\"container\" data-settings=\"{&quot;background_background&quot;:&quot;gradient&quot;,&quot;_ha_eqh_enable&quot;:false}\">\n\t\t\t\t<div class=\"elementor-element elementor-element-b7b4113 elementor-position-left elementor-vertical-align-middle elementor-tablet-position-top elementor-view-default elementor-mobile-position-top elementor-widget elementor-widget-icon-box\" data-id=\"b7b4113\" data-element_type=\"widget\" data-widget_type=\"icon-box.default\">\n\t\t\t\t<div class=\"elementor-widget-container\">\n\t\t\t\t\t\t\t<div class=\"elementor-icon-box-wrapper\">\n\n\t\t\t\t\t\t<div class=\"elementor-icon-box-icon\">\n\t\t\t\t<span  class=\"elementor-icon\">\n\t\t\t\t<svg xmlns=\"http:\/\/www.w3.org\/2000\/svg\" width=\"65\" height=\"65\" viewBox=\"0 0 65 65\" fill=\"none\"><circle cx=\"32.5\" cy=\"32.5\" r=\"32.5\" fill=\"url(#paint0_linear_56_325)\"><\/circle><path d=\"M36.2966 31.1233C36.5138 33.5708 34.5915 35.6251 32.1879 35.6251H27.5775C26.5146 35.6251 25.7487 34.5952 26.0787 33.586C26.8033 31.3681 28.144 28.0585 31.2103 27.4672C33.6235 27.0025 36.0807 28.6759 36.2979 31.1233H36.2966ZM47.0315 15.9723C45.7375 14.677 43.6392 14.6757 42.344 15.9695C42.3 16.0135 34.1584 24.9482 34.1584 24.9482C36.2086 25.567 37.8517 27.0987 38.6025 29.0884L47.026 20.6651C48.3226 19.3699 48.3267 17.2689 47.0315 15.9723ZM41.8132 31.5001C40.6733 31.5001 39.7506 32.4241 39.7506 33.5626V40.4375C39.7506 42.3337 38.2079 43.875 36.3131 43.875H22.5627C20.6679 43.875 19.1251 42.3337 19.1251 40.4375V26.6876C19.1251 24.7915 20.6679 23.2501 22.5627 23.2501H30.8129C31.9528 23.2501 32.8755 22.3261 32.8755 21.1876C32.8755 20.0491 31.9528 19.1252 30.8129 19.1252H22.5627C18.3922 19.1252 15 22.5186 15 26.6876V40.4375C15 44.6065 18.3922 48 22.5627 48H36.3131C40.4835 48 43.8757 44.6065 43.8757 40.4375V33.5626C43.8757 32.4241 42.9531 31.5001 41.8132 31.5001Z\" fill=\"white\"><\/path><defs><linearGradient id=\"paint0_linear_56_325\" x1=\"32.5\" y1=\"0\" x2=\"32.5\" y2=\"65\" gradientUnits=\"userSpaceOnUse\"><stop stop-color=\"#730913\"><\/stop><stop offset=\"1\" stop-color=\"#D91124\"><\/stop><\/linearGradient><\/defs><\/svg>\t\t\t\t<\/span>\n\t\t\t<\/div>\n\t\t\t\n\t\t\t\t\t\t<div class=\"elementor-icon-box-content\">\n\n\t\t\t\t\t\t\t\t\t<h3 class=\"elementor-icon-box-title\">\n\t\t\t\t\t\t<span  >\n\t\t\t\t\t\t\tCertifica\u00e7\u00e3o e conformidade garantidas\t\t\t\t\t\t<\/span>\n\t\t\t\t\t<\/h3>\n\t\t\t\t\n\t\t\t\t\n\t\t\t<\/div>\n\t\t\t\n\t\t<\/div>\n\t\t\t\t\t\t<\/div>\n\t\t\t\t<\/div>\n\t\t\t\t<div class=\"elementor-element elementor-element-a0f8a89 elementor-widget elementor-widget-text-editor\" data-id=\"a0f8a89\" data-element_type=\"widget\" data-widget_type=\"text-editor.default\">\n\t\t\t\t<div class=\"elementor-widget-container\">\n\t\t\t\t\t\t\t\t\t<p>Acompanhamos todas as exig\u00eancias legais com emiss\u00e3o de certificados e evid\u00eancias v\u00e1lidas para auditorias e fiscaliza\u00e7\u00f5es.<\/p>\t\t\t\t\t\t\t\t<\/div>\n\t\t\t\t<\/div>\n\t\t\t\t<\/div>\n\t\t\t\t<\/div>\n\t\t\t\t<\/div>\n\t\t<div class=\"elementor-element elementor-element-933ac45 e-con-full e-flex e-con e-child\" data-id=\"933ac45\" data-element_type=\"container\" data-settings=\"{&quot;_ha_eqh_enable&quot;:false}\">\n\t\t<div class=\"elementor-element elementor-element-227cd04 e-con-full e-flex e-con e-child\" data-id=\"227cd04\" data-element_type=\"container\" data-settings=\"{&quot;_ha_eqh_enable&quot;:false}\">\n\t\t\t\t<div class=\"elementor-element elementor-element-452bf46 elementor-invisible elementor-widget elementor-widget-heading\" data-id=\"452bf46\" data-element_type=\"widget\" data-settings=\"{&quot;_animation&quot;:&quot;fadeInUp&quot;}\" data-widget_type=\"heading.default\">\n\t\t\t\t<div class=\"elementor-widget-container\">\n\t\t\t\t\t<h2 class=\"elementor-heading-title elementor-size-default\">Conformidade jur\u00eddica assegurada para seus clientes<\/h2>\t\t\t\t<\/div>\n\t\t\t\t<\/div>\n\t\t\t\t<div class=\"elementor-element elementor-element-549e6fa elementor-invisible elementor-widget elementor-widget-text-editor\" data-id=\"549e6fa\" data-element_type=\"widget\" data-settings=\"{&quot;_animation&quot;:&quot;fadeInUp&quot;}\" data-widget_type=\"text-editor.default\">\n\t\t\t\t<div class=\"elementor-widget-container\">\n\t\t\t\t\t\t\t\t\t<p>Se voc\u00ea presta servi\u00e7os de sa\u00fade e seguran\u00e7a para empresas e ainda n\u00e3o oferece treinamentos normativos, o modelo RHT Pro \u00e9 a oportunidade de ampliar seu portf\u00f3lio. Com essa parceria, voc\u00ea poder\u00e1 oferecer os treinamentos obrigat\u00f3rios aos seus clientes com a chancela da marca RHT Academy. \u2028<br \/><br \/>N\u00f3s fornecemos: <strong>Profissionais habilitados para aplicar os treinamentos; Toda a metodologia e conte\u00fado j\u00e1 prontos; Documenta\u00e7\u00e3o para evid\u00eancia (certificados, avalia\u00e7\u00f5es, listas de chamada etc.).<\/strong> <br \/>Resultado: sua cl\u00ednica ou consultoria amplia seus servi\u00e7os, agrega valor e aumenta a receita \u2014 sem precisar desenvolver nada do zero.<\/p>\t\t\t\t\t\t\t\t<\/div>\n\t\t\t\t<\/div>\n\t\t\t\t<div class=\"elementor-element elementor-element-8465456 elementor-widget-mobile__width-inherit elementor-widget elementor-widget-button\" data-id=\"8465456\" data-element_type=\"widget\" data-widget_type=\"button.default\">\n\t\t\t\t<div class=\"elementor-widget-container\">\n\t\t\t\t\t\t\t\t\t<div class=\"elementor-button-wrapper\">\n\t\t\t\t\t<a class=\"elementor-button elementor-button-link elementor-size-sm\" href=\"https:\/\/wa.me\/5515988298165?text=Ol%C3%A1%2C%20vim%20pelo%20site%20e%20gostaria%20de%20mais%20informa%C3%A7%C3%B5es\" target=\"_blank\">\n\t\t\t\t\t\t<span class=\"elementor-button-content-wrapper\">\n\t\t\t\t\t\t<span class=\"elementor-button-icon\">\n\t\t\t\t<svg xmlns=\"http:\/\/www.w3.org\/2000\/svg\" width=\"36\" height=\"36\" viewBox=\"0 0 36 36\" fill=\"none\"><rect width=\"35.765\" height=\"35.765\" rx=\"17.8825\" fill=\"url(#paint0_linear_56_403)\"><\/rect><path d=\"M15.5222 12.3708L23.3945 12.3708L23.3945 20.243\" stroke=\"white\" stroke-width=\"1.8341\" stroke-miterlimit=\"10\" stroke-linecap=\"round\" stroke-linejoin=\"round\"><\/path><path d=\"M12.3707 23.3944L23.2842 12.481\" stroke=\"white\" stroke-width=\"1.8341\" stroke-miterlimit=\"10\" stroke-linecap=\"round\" stroke-linejoin=\"round\"><\/path><defs><linearGradient id=\"paint0_linear_56_403\" x1=\"0\" y1=\"17.8825\" x2=\"35.765\" y2=\"17.8825\" gradientUnits=\"userSpaceOnUse\"><stop stop-color=\"#D01021\"><\/stop><stop offset=\"1\" stop-color=\"#730913\"><\/stop><\/linearGradient><\/defs><\/svg>\t\t\t<\/span>\n\t\t\t\t\t\t\t\t\t<span class=\"elementor-button-text\">Quero come\u00e7ar<\/span>\n\t\t\t\t\t<\/span>\n\t\t\t\t\t<\/a>\n\t\t\t\t<\/div>\n\t\t\t\t\t\t\t\t<\/div>\n\t\t\t\t<\/div>\n\t\t\t\t<\/div>\n\t\t<div class=\"elementor-element elementor-element-24fb777 e-con-full e-flex e-con e-child\" data-id=\"24fb777\" data-element_type=\"container\" data-settings=\"{&quot;_ha_eqh_enable&quot;:false}\">\n\t\t\t\t<div class=\"elementor-element elementor-element-02861ad elementor-widget elementor-widget-image\" data-id=\"02861ad\" data-element_type=\"widget\" data-widget_type=\"image.default\">\n\t\t\t\t<div class=\"elementor-widget-container\">\n\t\t\t\t\t\t\t\t\t\t\t\t\t\t\t<img fetchpriority=\"high\" decoding=\"async\" width=\"800\" height=\"537\" src=\"https:\/\/rhtacademy.com.br\/wp-content\/uploads\/2025\/06\/Group-942-1024x687.webp\" class=\"attachment-large size-large wp-image-654\" alt=\"\" srcset=\"https:\/\/rhtacademy.com.br\/wp-content\/uploads\/2025\/06\/Group-942-1024x687.webp 1024w, https:\/\/rhtacademy.com.br\/wp-content\/uploads\/2025\/06\/Group-942-300x201.webp 300w, https:\/\/rhtacademy.com.br\/wp-content\/uploads\/2025\/06\/Group-942-768x515.webp 768w, https:\/\/rhtacademy.com.br\/wp-content\/uploads\/2025\/06\/Group-942.webp 1186w\" sizes=\"(max-width: 800px) 100vw, 800px\" \/>\t\t\t\t\t\t\t\t\t\t\t\t\t\t\t<\/div>\n\t\t\t\t<\/div>\n\t\t\t\t<\/div>\n\t\t\t\t<\/div>\n\t\t\t\t\t<\/div>\n\t\t\t\t<\/div>\n\t\t\t\t<\/div>\n\t\t","protected":false},"excerpt":{"rendered":"<p>rht Pro Para cl\u00ednicas de medicina do trabalho e consultorias em SST que desejam vender treinamentos Com o Academy Pro, voc\u00ea foca no relacionamento com o cliente, enquanto a RHT executa a entrega com excel\u00eancia t\u00e9cnica e total conformidade com a legisla\u00e7\u00e3o. Fale com um especialista \u00c1rea de acesso COMO FUNCIONA? Voc\u00ea vende o treinamento [&hellip;]<\/p>\n","protected":false},"author":1,"featured_media":0,"parent":0,"menu_order":0,"comment_status":"closed","ping_status":"closed","template":"elementor_header_footer","meta":{"footnotes":""},"class_list":["post-648","page","type-page","status-publish","hentry"],"_links":{"self":[{"href":"https:\/\/rhtacademy.com.br\/index.php?rest_route=\/wp\/v2\/pages\/648","targetHints":{"allow":["GET"]}}],"collection":[{"href":"https:\/\/rhtacademy.com.br\/index.php?rest_route=\/wp\/v2\/pages"}],"about":[{"href":"https:\/\/rhtacademy.com.br\/index.php?rest_route=\/wp\/v2\/types\/page"}],"author":[{"embeddable":true,"href":"https:\/\/rhtacademy.com.br\/index.php?rest_route=\/wp\/v2\/users\/1"}],"replies":[{"embeddable":true,"href":"https:\/\/rhtacademy.com.br\/index.php?rest_route=%2Fwp%2Fv2%2Fcomments&post=648"}],"version-history":[{"count":71,"href":"https:\/\/rhtacademy.com.br\/index.php?rest_route=\/wp\/v2\/pages\/648\/revisions"}],"predecessor-version":[{"id":1230,"href":"https:\/\/rhtacademy.com.br\/index.php?rest_route=\/wp\/v2\/pages\/648\/revisions\/1230"}],"wp:attachment":[{"href":"https:\/\/rhtacademy.com.br\/index.php?rest_route=%2Fwp%2Fv2%2Fmedia&parent=648"}],"curies":[{"name":"wp","href":"https:\/\/api.w.org\/{rel}","templated":true}]}}