{"id":686,"date":"2025-06-05T19:23:02","date_gmt":"2025-06-05T19:23:02","guid":{"rendered":"http:\/\/rhtacademy.com.br\/?page_id=686"},"modified":"2025-07-22T19:32:13","modified_gmt":"2025-07-22T19:32:13","slug":"plataforma-digital-rht-academy","status":"publish","type":"page","link":"https:\/\/rhtacademy.com.br\/?page_id=686","title":{"rendered":"Plataforma Digital RHT Academy"},"content":{"rendered":"\t\t<div data-elementor-type=\"wp-page\" data-elementor-id=\"686\" class=\"elementor elementor-686\" data-elementor-settings=\"{&quot;ha_cmc_init_switcher&quot;:&quot;no&quot;}\" data-elementor-post-type=\"page\">\n\t\t\t\t<div class=\"elementor-element elementor-element-e079967 e-flex e-con-boxed e-con e-parent\" data-id=\"e079967\" data-element_type=\"container\" data-settings=\"{&quot;background_background&quot;:&quot;classic&quot;,&quot;_ha_eqh_enable&quot;:false}\">\n\t\t\t\t\t<div class=\"e-con-inner\">\n\t\t<div class=\"elementor-element elementor-element-100b4d3 e-con-full e-flex e-con e-child\" data-id=\"100b4d3\" data-element_type=\"container\" data-settings=\"{&quot;_ha_eqh_enable&quot;:false}\">\n\t\t\t\t<div class=\"elementor-element elementor-element-96dc8ec elementor-invisible elementor-widget elementor-widget-heading\" data-id=\"96dc8ec\" data-element_type=\"widget\" data-settings=\"{&quot;_animation&quot;:&quot;fadeInLeft&quot;}\" data-widget_type=\"heading.default\">\n\t\t\t\t<div class=\"elementor-widget-container\">\n\t\t\t\t\t<h2 class=\"elementor-heading-title elementor-size-default\">Plataforma Digital RHT Academy<\/h2>\t\t\t\t<\/div>\n\t\t\t\t<\/div>\n\t\t\t\t<div class=\"elementor-element elementor-element-ae25b05 elementor-invisible elementor-widget elementor-widget-heading\" data-id=\"ae25b05\" data-element_type=\"widget\" data-settings=\"{&quot;_animation&quot;:&quot;fadeInUp&quot;}\" data-widget_type=\"heading.default\">\n\t\t\t\t<div class=\"elementor-widget-container\">\n\t\t\t\t\t<h2 class=\"elementor-heading-title elementor-size-default\">Tecnologia, gest\u00e3o e conformidade <\/h2>\t\t\t\t<\/div>\n\t\t\t\t<\/div>\n\t\t\t\t<div class=\"elementor-element elementor-element-86257b7 elementor-widget__width-initial elementor-invisible elementor-widget elementor-widget-text-editor\" data-id=\"86257b7\" data-element_type=\"widget\" data-settings=\"{&quot;_animation&quot;:&quot;fadeInUp&quot;}\" data-widget_type=\"text-editor.default\">\n\t\t\t\t<div class=\"elementor-widget-container\">\n\t\t\t\t\t\t\t\t\t<p>A Plataforma Digital RHT Academy \u00e9 o ambiente exclusivo criado para empresas que desejam elevar a gest\u00e3o de treinamentos a um novo patamar.<\/p>\t\t\t\t\t\t\t\t<\/div>\n\t\t\t\t<\/div>\n\t\t<div class=\"elementor-element elementor-element-0660da5 e-con-full e-flex elementor-invisible e-con e-child\" data-id=\"0660da5\" data-element_type=\"container\" data-settings=\"{&quot;animation&quot;:&quot;fadeInUp&quot;,&quot;_ha_eqh_enable&quot;:false}\">\n\t\t\t\t<div class=\"elementor-element elementor-element-9531662 elementor-widget-mobile__width-initial elementor-widget elementor-widget-button\" data-id=\"9531662\" data-element_type=\"widget\" data-widget_type=\"button.default\">\n\t\t\t\t<div class=\"elementor-widget-container\">\n\t\t\t\t\t\t\t\t\t<div class=\"elementor-button-wrapper\">\n\t\t\t\t\t<a class=\"elementor-button elementor-button-link elementor-size-sm\" href=\"https:\/\/wa.me\/5515988298165?text=Ol%C3%A1%2C%20vim%20pelo%20site%20e%20gostaria%20de%20mais%20informa%C3%A7%C3%B5es\" target=\"_blank\">\n\t\t\t\t\t\t<span class=\"elementor-button-content-wrapper\">\n\t\t\t\t\t\t<span class=\"elementor-button-icon\">\n\t\t\t\t<svg xmlns=\"http:\/\/www.w3.org\/2000\/svg\" width=\"36\" height=\"36\" viewBox=\"0 0 36 36\" fill=\"none\"><rect width=\"35.765\" height=\"35.765\" rx=\"17.8825\" fill=\"url(#paint0_linear_56_403)\"><\/rect><path d=\"M15.5222 12.3708L23.3945 12.3708L23.3945 20.243\" stroke=\"white\" stroke-width=\"1.8341\" stroke-miterlimit=\"10\" stroke-linecap=\"round\" stroke-linejoin=\"round\"><\/path><path d=\"M12.3707 23.3944L23.2842 12.481\" stroke=\"white\" stroke-width=\"1.8341\" stroke-miterlimit=\"10\" stroke-linecap=\"round\" stroke-linejoin=\"round\"><\/path><defs><linearGradient id=\"paint0_linear_56_403\" x1=\"0\" y1=\"17.8825\" x2=\"35.765\" y2=\"17.8825\" gradientUnits=\"userSpaceOnUse\"><stop stop-color=\"#D01021\"><\/stop><stop offset=\"1\" stop-color=\"#730913\"><\/stop><\/linearGradient><\/defs><\/svg>\t\t\t<\/span>\n\t\t\t\t\t\t\t\t\t<span class=\"elementor-button-text\">Fale com um especialista<\/span>\n\t\t\t\t\t<\/span>\n\t\t\t\t\t<\/a>\n\t\t\t\t<\/div>\n\t\t\t\t\t\t\t\t<\/div>\n\t\t\t\t<\/div>\n\t\t\t\t<div class=\"elementor-element elementor-element-430525a elementor-widget-mobile__width-initial elementor-widget elementor-widget-button\" data-id=\"430525a\" data-element_type=\"widget\" data-widget_type=\"button.default\">\n\t\t\t\t<div class=\"elementor-widget-container\">\n\t\t\t\t\t\t\t\t\t<div class=\"elementor-button-wrapper\">\n\t\t\t\t\t<a class=\"elementor-button elementor-button-link elementor-size-sm\" href=\"https:\/\/app.21live.com.br\/rhtreinare\/\" target=\"_blank\">\n\t\t\t\t\t\t<span class=\"elementor-button-content-wrapper\">\n\t\t\t\t\t\t<span class=\"elementor-button-icon\">\n\t\t\t\t<svg xmlns=\"http:\/\/www.w3.org\/2000\/svg\" xmlns:xlink=\"http:\/\/www.w3.org\/1999\/xlink\" width=\"512\" height=\"512\" x=\"0\" y=\"0\" viewBox=\"0 0 385.756 385.756\" style=\"enable-background:new 0 0 512 512\" xml:space=\"preserve\" class=\"\"><g><path d=\"M377.816 7.492C372.504 2.148 366.088 0 358.608 0H98.544c-15.44 0-29.08 10.988-29.08 26.428v23.724c0 15.44 13.64 29.848 29.08 29.848h152.924L8.464 322.08C3.196 327.352.292 333.92.288 341.42c0 7.5 2.908 14.296 8.176 19.568L25.24 377.64c5.264 5.272 12.296 8.116 19.796 8.116s13.768-2.928 19.036-8.2l241.392-242.172v151.124c0 15.444 14.084 29.492 29.52 29.492h23.732c15.432 0 26.752-14.048 26.752-29.492V26.52c-.004-7.472-2.324-13.732-7.652-19.028z\" fill=\"#ffffff\" opacity=\"1\" data-original=\"#000000\" class=\"\"><\/path><\/g><\/svg>\t\t\t<\/span>\n\t\t\t\t\t\t\t\t\t<span class=\"elementor-button-text\">\u00c1rea de acesso<\/span>\n\t\t\t\t\t<\/span>\n\t\t\t\t\t<\/a>\n\t\t\t\t<\/div>\n\t\t\t\t\t\t\t\t<\/div>\n\t\t\t\t<\/div>\n\t\t\t\t<\/div>\n\t\t\t\t<\/div>\n\t\t<div class=\"elementor-element elementor-element-67273b6 e-con-full e-flex e-con e-child\" data-id=\"67273b6\" data-element_type=\"container\" data-settings=\"{&quot;_ha_eqh_enable&quot;:false}\">\n\t\t\t\t<\/div>\n\t\t\t\t\t<\/div>\n\t\t\t\t<\/div>\n\t\t<div class=\"elementor-element elementor-element-0a79ec2 e-flex e-con-boxed e-con e-parent\" data-id=\"0a79ec2\" data-element_type=\"container\" data-settings=\"{&quot;background_background&quot;:&quot;classic&quot;,&quot;_ha_eqh_enable&quot;:false}\">\n\t\t\t\t\t<div class=\"e-con-inner\">\n\t\t<div class=\"elementor-element elementor-element-bb9b9c4 e-con-full e-flex e-con e-child\" data-id=\"bb9b9c4\" data-element_type=\"container\" data-settings=\"{&quot;_ha_eqh_enable&quot;:false}\">\n\t\t\t\t<div class=\"elementor-element elementor-element-3a86f3e elementor-widget elementor-widget-heading\" data-id=\"3a86f3e\" data-element_type=\"widget\" data-widget_type=\"heading.default\">\n\t\t\t\t<div class=\"elementor-widget-container\">\n\t\t\t\t\t<h2 class=\"elementor-heading-title elementor-size-default\">O QUE A PLATAFORMA OFERECE:<\/h2>\t\t\t\t<\/div>\n\t\t\t\t<\/div>\n\t\t<div class=\"elementor-element elementor-element-ca43db9 e-con-full e-flex e-con e-child\" data-id=\"ca43db9\" data-element_type=\"container\" data-settings=\"{&quot;_ha_eqh_enable&quot;:false}\">\n\t\t<div class=\"elementor-element elementor-element-0e93a89 e-con-full e-flex elementor-invisible e-con e-child\" data-id=\"0e93a89\" data-element_type=\"container\" data-settings=\"{&quot;background_background&quot;:&quot;classic&quot;,&quot;animation&quot;:&quot;fadeInUp&quot;,&quot;_ha_eqh_enable&quot;:false}\">\n\t\t<div class=\"elementor-element elementor-element-a9c1d6f e-con-full e-flex e-con e-child\" data-id=\"a9c1d6f\" data-element_type=\"container\" data-settings=\"{&quot;background_background&quot;:&quot;classic&quot;,&quot;_ha_eqh_enable&quot;:false}\">\n\t\t\t\t<div class=\"elementor-element elementor-element-bc7c103 elementor-widget elementor-widget-heading\" data-id=\"bc7c103\" data-element_type=\"widget\" data-widget_type=\"heading.default\">\n\t\t\t\t<div class=\"elementor-widget-container\">\n\t\t\t\t\t<h2 class=\"elementor-heading-title elementor-size-default\">Biblioteca Digital<\/h2>\t\t\t\t<\/div>\n\t\t\t\t<\/div>\n\t\t\t\t<div class=\"elementor-element elementor-element-81583d2 elementor-widget elementor-widget-text-editor\" data-id=\"81583d2\" data-element_type=\"widget\" data-widget_type=\"text-editor.default\">\n\t\t\t\t<div class=\"elementor-widget-container\">\n\t\t\t\t\t\t\t\t\t<p>Acesso a uma biblioteca digital completa, com materiais padronizados por NR e atualizados segundo a legisla\u00e7\u00e3o vigente.<\/p>\t\t\t\t\t\t\t\t<\/div>\n\t\t\t\t<\/div>\n\t\t\t\t<\/div>\n\t\t\t\t<\/div>\n\t\t<div class=\"elementor-element elementor-element-c5c6054 e-con-full e-flex elementor-invisible e-con e-child\" data-id=\"c5c6054\" data-element_type=\"container\" data-settings=\"{&quot;background_background&quot;:&quot;classic&quot;,&quot;animation&quot;:&quot;fadeInUp&quot;,&quot;_ha_eqh_enable&quot;:false}\">\n\t\t<div class=\"elementor-element elementor-element-3982163 e-con-full e-flex e-con e-child\" data-id=\"3982163\" data-element_type=\"container\" data-settings=\"{&quot;background_background&quot;:&quot;classic&quot;,&quot;_ha_eqh_enable&quot;:false}\">\n\t\t\t\t<div class=\"elementor-element elementor-element-21e831b elementor-widget elementor-widget-heading\" data-id=\"21e831b\" data-element_type=\"widget\" data-widget_type=\"heading.default\">\n\t\t\t\t<div class=\"elementor-widget-container\">\n\t\t\t\t\t<h2 class=\"elementor-heading-title elementor-size-default\">Valida\u00e7\u00e3o Documental Segura<\/h2>\t\t\t\t<\/div>\n\t\t\t\t<\/div>\n\t\t\t\t<div class=\"elementor-element elementor-element-74f38cd elementor-widget elementor-widget-text-editor\" data-id=\"74f38cd\" data-element_type=\"widget\" data-widget_type=\"text-editor.default\">\n\t\t\t\t<div class=\"elementor-widget-container\">\n\t\t\t\t\t\t\t\t\t<p>Upload e valida\u00e7\u00e3o de documenta\u00e7\u00e3o de treinamentos realizados internamente, com checagem t\u00e9cnica pela equipe RHTREINARE.<\/p>\t\t\t\t\t\t\t\t<\/div>\n\t\t\t\t<\/div>\n\t\t\t\t<\/div>\n\t\t\t\t<\/div>\n\t\t<div class=\"elementor-element elementor-element-d77e5ff e-con-full e-flex elementor-invisible e-con e-child\" data-id=\"d77e5ff\" data-element_type=\"container\" data-settings=\"{&quot;background_background&quot;:&quot;classic&quot;,&quot;animation&quot;:&quot;fadeInUp&quot;,&quot;_ha_eqh_enable&quot;:false}\">\n\t\t<div class=\"elementor-element elementor-element-39fab5f e-con-full e-flex e-con e-child\" data-id=\"39fab5f\" data-element_type=\"container\" data-settings=\"{&quot;background_background&quot;:&quot;classic&quot;,&quot;_ha_eqh_enable&quot;:false}\">\n\t\t\t\t<div class=\"elementor-element elementor-element-df0d646 elementor-widget elementor-widget-heading\" data-id=\"df0d646\" data-element_type=\"widget\" data-widget_type=\"heading.default\">\n\t\t\t\t<div class=\"elementor-widget-container\">\n\t\t\t\t\t<h2 class=\"elementor-heading-title elementor-size-default\">Gest\u00e3o de Instrutores e Progresso<\/h2>\t\t\t\t<\/div>\n\t\t\t\t<\/div>\n\t\t\t\t<div class=\"elementor-element elementor-element-35af6ba elementor-widget elementor-widget-text-editor\" data-id=\"35af6ba\" data-element_type=\"widget\" data-widget_type=\"text-editor.default\">\n\t\t\t\t<div class=\"elementor-widget-container\">\n\t\t\t\t\t\t\t\t\t<p>Acompanhamento do progresso e da forma\u00e7\u00e3o de instrutores internos, com hist\u00f3rico individual e controle de vencimentos..<\/p>\t\t\t\t\t\t\t\t<\/div>\n\t\t\t\t<\/div>\n\t\t\t\t<\/div>\n\t\t\t\t<\/div>\n\t\t<div class=\"elementor-element elementor-element-b246de6 e-con-full e-flex elementor-invisible e-con e-child\" data-id=\"b246de6\" data-element_type=\"container\" data-settings=\"{&quot;background_background&quot;:&quot;classic&quot;,&quot;animation&quot;:&quot;fadeInUp&quot;,&quot;_ha_eqh_enable&quot;:false}\">\n\t\t<div class=\"elementor-element elementor-element-f103f16 e-con-full e-flex e-con e-child\" data-id=\"f103f16\" data-element_type=\"container\" data-settings=\"{&quot;background_background&quot;:&quot;classic&quot;,&quot;_ha_eqh_enable&quot;:false}\">\n\t\t\t\t<div class=\"elementor-element elementor-element-c45a4b0 elementor-widget elementor-widget-heading\" data-id=\"c45a4b0\" data-element_type=\"widget\" data-widget_type=\"heading.default\">\n\t\t\t\t<div class=\"elementor-widget-container\">\n\t\t\t\t\t<h2 class=\"elementor-heading-title elementor-size-default\"> Suporte T\u00e9cnico e Pedag\u00f3gico<\/h2>\t\t\t\t<\/div>\n\t\t\t\t<\/div>\n\t\t\t\t<div class=\"elementor-element elementor-element-3bdc3e1 elementor-widget elementor-widget-text-editor\" data-id=\"3bdc3e1\" data-element_type=\"widget\" data-widget_type=\"text-editor.default\">\n\t\t\t\t<div class=\"elementor-widget-container\">\n\t\t\t\t\t\t\t\t\t<p>Suporte t\u00e9cnico e pedag\u00f3gico cont\u00ednuo, garantindo que a opera\u00e7\u00e3o da plataforma seja simples, intuitiva e eficaz para todos os usu\u00e1rios.<\/p>\t\t\t\t\t\t\t\t<\/div>\n\t\t\t\t<\/div>\n\t\t\t\t<\/div>\n\t\t\t\t<\/div>\n\t\t\t\t<\/div>\n\t\t\t\t<\/div>\n\t\t<div class=\"elementor-element elementor-element-933ac45 e-con-full e-flex e-con e-child\" data-id=\"933ac45\" data-element_type=\"container\" data-settings=\"{&quot;_ha_eqh_enable&quot;:false}\">\n\t\t<div class=\"elementor-element elementor-element-227cd04 e-con-full e-flex e-con e-child\" data-id=\"227cd04\" data-element_type=\"container\" data-settings=\"{&quot;_ha_eqh_enable&quot;:false}\">\n\t\t\t\t<div class=\"elementor-element elementor-element-452bf46 elementor-invisible elementor-widget elementor-widget-heading\" data-id=\"452bf46\" data-element_type=\"widget\" data-settings=\"{&quot;_animation&quot;:&quot;fadeInUp&quot;}\" data-widget_type=\"heading.default\">\n\t\t\t\t<div class=\"elementor-widget-container\">\n\t\t\t\t\t<h2 class=\"elementor-heading-title elementor-size-default\">Gest\u00e3o de treinamentos mais eficiente e segura<\/h2>\t\t\t\t<\/div>\n\t\t\t\t<\/div>\n\t\t\t\t<div class=\"elementor-element elementor-element-549e6fa elementor-invisible elementor-widget elementor-widget-text-editor\" data-id=\"549e6fa\" data-element_type=\"widget\" data-settings=\"{&quot;_animation&quot;:&quot;fadeInUp&quot;}\" data-widget_type=\"text-editor.default\">\n\t\t\t\t<div class=\"elementor-widget-container\">\n\t\t\t\t\t\t\t\t\t<p>Desenvolvida para atender \u00e0s necessidades reais de quem atua com seguran\u00e7a e sa\u00fade no trabalho, ela permite que gestores e instrutores internos tenham uma vis\u00e3o completa e organizada de toda a jornada de treinamento, do conte\u00fado at\u00e9 a emiss\u00e3o dos certificados.<\/p><p>Com a RHT Academy, sua empresa garante n\u00e3o apenas a realiza\u00e7\u00e3o dos treinamentos obrigat\u00f3rios, mas tamb\u00e9m a rastreabilidade das informa\u00e7\u00f5es, seguran\u00e7a jur\u00eddica e facilidade na presta\u00e7\u00e3o de contas durante auditorias e fiscaliza\u00e7\u00f5es.<\/p>\t\t\t\t\t\t\t\t<\/div>\n\t\t\t\t<\/div>\n\t\t\t\t<div class=\"elementor-element elementor-element-8465456 elementor-widget-mobile__width-inherit elementor-widget elementor-widget-button\" data-id=\"8465456\" data-element_type=\"widget\" data-widget_type=\"button.default\">\n\t\t\t\t<div class=\"elementor-widget-container\">\n\t\t\t\t\t\t\t\t\t<div class=\"elementor-button-wrapper\">\n\t\t\t\t\t<a class=\"elementor-button elementor-button-link elementor-size-sm\" href=\"https:\/\/wa.me\/5515988298165?text=Ol%C3%A1%2C%20vim%20pelo%20site%20e%20gostaria%20de%20mais%20informa%C3%A7%C3%B5es\" target=\"_blank\">\n\t\t\t\t\t\t<span class=\"elementor-button-content-wrapper\">\n\t\t\t\t\t\t<span class=\"elementor-button-icon\">\n\t\t\t\t<svg xmlns=\"http:\/\/www.w3.org\/2000\/svg\" width=\"36\" height=\"36\" viewBox=\"0 0 36 36\" fill=\"none\"><rect width=\"35.765\" height=\"35.765\" rx=\"17.8825\" fill=\"url(#paint0_linear_56_403)\"><\/rect><path d=\"M15.5222 12.3708L23.3945 12.3708L23.3945 20.243\" stroke=\"white\" stroke-width=\"1.8341\" stroke-miterlimit=\"10\" stroke-linecap=\"round\" stroke-linejoin=\"round\"><\/path><path d=\"M12.3707 23.3944L23.2842 12.481\" stroke=\"white\" stroke-width=\"1.8341\" stroke-miterlimit=\"10\" stroke-linecap=\"round\" stroke-linejoin=\"round\"><\/path><defs><linearGradient id=\"paint0_linear_56_403\" x1=\"0\" y1=\"17.8825\" x2=\"35.765\" y2=\"17.8825\" gradientUnits=\"userSpaceOnUse\"><stop stop-color=\"#D01021\"><\/stop><stop offset=\"1\" stop-color=\"#730913\"><\/stop><\/linearGradient><\/defs><\/svg>\t\t\t<\/span>\n\t\t\t\t\t\t\t\t\t<span class=\"elementor-button-text\">Quero come\u00e7ar<\/span>\n\t\t\t\t\t<\/span>\n\t\t\t\t\t<\/a>\n\t\t\t\t<\/div>\n\t\t\t\t\t\t\t\t<\/div>\n\t\t\t\t<\/div>\n\t\t\t\t<\/div>\n\t\t<div class=\"elementor-element elementor-element-24fb777 e-con-full e-flex e-con e-child\" data-id=\"24fb777\" data-element_type=\"container\" data-settings=\"{&quot;_ha_eqh_enable&quot;:false}\">\n\t\t\t\t<div class=\"elementor-element elementor-element-02861ad elementor-widget elementor-widget-image\" data-id=\"02861ad\" data-element_type=\"widget\" data-widget_type=\"image.default\">\n\t\t\t\t<div class=\"elementor-widget-container\">\n\t\t\t\t\t\t\t\t\t\t\t\t\t\t\t<img fetchpriority=\"high\" decoding=\"async\" width=\"800\" height=\"496\" src=\"https:\/\/rhtacademy.com.br\/wp-content\/uploads\/2025\/06\/Group-945-1024x635.webp\" class=\"attachment-large size-large wp-image-738\" alt=\"\" srcset=\"https:\/\/rhtacademy.com.br\/wp-content\/uploads\/2025\/06\/Group-945-1024x635.webp 1024w, https:\/\/rhtacademy.com.br\/wp-content\/uploads\/2025\/06\/Group-945-300x186.webp 300w, https:\/\/rhtacademy.com.br\/wp-content\/uploads\/2025\/06\/Group-945-768x476.webp 768w, https:\/\/rhtacademy.com.br\/wp-content\/uploads\/2025\/06\/Group-945.webp 1284w\" sizes=\"(max-width: 800px) 100vw, 800px\" \/>\t\t\t\t\t\t\t\t\t\t\t\t\t\t\t<\/div>\n\t\t\t\t<\/div>\n\t\t\t\t<\/div>\n\t\t\t\t<\/div>\n\t\t\t\t\t<\/div>\n\t\t\t\t<\/div>\n\t\t\t\t<\/div>\n\t\t","protected":false},"excerpt":{"rendered":"<p>Plataforma Digital RHT Academy Tecnologia, gest\u00e3o e conformidade A Plataforma Digital RHT Academy \u00e9 o ambiente exclusivo criado para empresas que desejam elevar a gest\u00e3o de treinamentos a um novo patamar. Fale com um especialista \u00c1rea de acesso O QUE A PLATAFORMA OFERECE: Biblioteca Digital Acesso a uma biblioteca digital completa, com materiais padronizados por [&hellip;]<\/p>\n","protected":false},"author":1,"featured_media":0,"parent":0,"menu_order":0,"comment_status":"closed","ping_status":"closed","template":"elementor_header_footer","meta":{"footnotes":""},"class_list":["post-686","page","type-page","status-publish","hentry"],"_links":{"self":[{"href":"https:\/\/rhtacademy.com.br\/index.php?rest_route=\/wp\/v2\/pages\/686","targetHints":{"allow":["GET"]}}],"collection":[{"href":"https:\/\/rhtacademy.com.br\/index.php?rest_route=\/wp\/v2\/pages"}],"about":[{"href":"https:\/\/rhtacademy.com.br\/index.php?rest_route=\/wp\/v2\/types\/page"}],"author":[{"embeddable":true,"href":"https:\/\/rhtacademy.com.br\/index.php?rest_route=\/wp\/v2\/users\/1"}],"replies":[{"embeddable":true,"href":"https:\/\/rhtacademy.com.br\/index.php?rest_route=%2Fwp%2Fv2%2Fcomments&post=686"}],"version-history":[{"count":76,"href":"https:\/\/rhtacademy.com.br\/index.php?rest_route=\/wp\/v2\/pages\/686\/revisions"}],"predecessor-version":[{"id":1221,"href":"https:\/\/rhtacademy.com.br\/index.php?rest_route=\/wp\/v2\/pages\/686\/revisions\/1221"}],"wp:attachment":[{"href":"https:\/\/rhtacademy.com.br\/index.php?rest_route=%2Fwp%2Fv2%2Fmedia&parent=686"}],"curies":[{"name":"wp","href":"https:\/\/api.w.org\/{rel}","templated":true}]}}